{"id":35,"date":"2018-11-26T12:45:27","date_gmt":"2018-11-26T12:45:27","guid":{"rendered":"http:\/\/gator4119.temp.domains\/~gersonida\/index.php\/home\/"},"modified":"2021-06-07T12:35:37","modified_gmt":"2021-06-07T02:35:37","slug":"home","status":"publish","type":"page","link":"https:\/\/engineersinaustralia.com\/pt\/","title":{"rendered":"EiA - Home"},"content":{"rendered":"<div id=\"fb-root\"><\/div>\n\n\n\t\t\t\t<a href=\"https:\/\/engqualval.engineersinaustralia.com\/free-workshop\" target=\"_blank\" rel=\"noopener\" itemprop=\"url\">\n\t\t\t\t<img data-recalc-dims=\"1\" decoding=\"async\" src=\"https:\/\/i0.wp.com\/gator4119.temp.domains\/~gersonida\/wp-content\/uploads\/2021\/02\/Email-logo.png\" alt=\"Email logo\" itemprop=\"image\" title=\"Logotipo do email\" onerror=\"this.style.display='none'\"  \/>\n\t\t\t\t<\/a>\n\t<h1>\n\t\t\t\t\tSEU CAMINHO PARA SE TORNAR UM(A) ENGENHEIRO(A) NA AUSTR\u00c1LIA\n\t\t\t\t<\/h1>\n\t\t\t<a href=\"https:\/\/engineersinaustralia.com\/pt\/free-workshop\/\" target=\"_self\" role=\"button\" rel=\"noopener\">\n\t\t\t\t\t\tClique aqui para se inscrever no pr\u00f3ximo Workshop GRATUITO \u201cValida\u00e7\u00e3o de qualifica\u00e7\u00e3o de engenharia\u201d\n\t\t<\/a>\n<h2>\n\t\tAssista \u00e0 sess\u00e3o ao vivo em qualquer uma das m\u00eddias sociais abaixo - Eng In Australia\n\t<\/h2>\n\t\t\t\t<a href=\"https:\/\/youtube.com\/c\/gersonida\/live\" target=\"_blank\" rel=\"noopener\" itemprop=\"url\">\n\t\t\t\t<img data-recalc-dims=\"1\" decoding=\"async\" src=\"https:\/\/i0.wp.com\/engineersinaustralia.com\/wp-content\/uploads\/2021\/03\/YT_icon_75_x_75-removebg.png?resize=75%2C75&#038;ssl=1\" alt=\"YouTube channel &quot;Gerson Ida&quot;\" itemprop=\"image\" height=\"75\" width=\"75\" title=\"YT_icon_75_x_75-removebg\" onerror=\"this.style.display='none'\"  \/>\n\t\t\t\t<\/a>\n\t\tCanal do YouTube \u201cGerson Ida\u201d\n\t\t\t\t<a href=\"https:\/\/instagram.com\/gersonida\/live\" target=\"_blank\" rel=\"noopener\" itemprop=\"url\">\n\t\t\t\t<img data-recalc-dims=\"1\" decoding=\"async\" src=\"https:\/\/i0.wp.com\/engineersinaustralia.com\/wp-content\/uploads\/2021\/03\/IG_icon_75_x_75-removebg.png?resize=75%2C75&#038;ssl=1\" alt=\"Instagram @gersonida\" itemprop=\"image\" height=\"75\" width=\"75\" title=\"IG_icon_75_x_75-removebg\" onerror=\"this.style.display='none'\"  \/>\n\t\t\t\t<\/a>\n\t\tInstagram @gersonida\n\t\t\t\t<a href=\"https:\/\/facebook.com\/engineersinaustralia\/live\" target=\"_blank\" rel=\"noopener\" itemprop=\"url\">\n\t\t\t\t<img data-recalc-dims=\"1\" decoding=\"async\" src=\"https:\/\/i0.wp.com\/engineersinaustralia.com\/wp-content\/uploads\/2021\/03\/FB_icon_75_x_75-removebg.png?resize=75%2C75&#038;ssl=1\" alt=\"Facebook page@EngineersInAustralia\" itemprop=\"image\" height=\"75\" width=\"75\" title=\"FB_icon_75_x_75-removebg\" onerror=\"this.style.display='none'\"  \/>\n\t\t\t\t<\/a>\n\t\tP\u00e1gina do Facebook @EngineersInAustralia\n\t<h2>\n\t\t\t\t\tYouTube - Facebook - Instagram SESS\u00d5ES AO VIVO TODOS OS DOMINGOS \u00e0s 20h30, hor\u00e1rio de Bras\u00edlia\n\t\t\t\t<\/h2>\n\t\n\n\t\n<p>Estas Sess\u00f5es ao Vivo s\u00e3o promovidas e organizadas pelo Eng In Australia.<\/p>\n\t\t\t<a href=\"https:\/\/pt.surveymonkey.com\/r\/MXRWX6F\" target=\"_blank\" role=\"button\" rel=\"noopener\">\n\t\t\t\t\t\tMe envie as suas 3 perguntas\/sugest\u00f5es para futuras sess\u00f5es ao vivo\n\t\t<\/a>\n\t\t\t\t<a href=\"https:\/\/www.youtube.com\/c\/gersonida\/live\" target=\"_blank\" rel=\"noopener\" itemprop=\"url\">\n\t\t\t\t<img data-recalc-dims=\"1\" height=\"576\" width=\"1024\" decoding=\"async\" src=\"https:\/\/i0.wp.com\/gator4119.temp.domains\/~gersonida\/wp-content\/uploads\/2021\/02\/Live-Sessions-FB-IG-YT-generic-1024x576.png?resize=1024%2C576\" alt=\"Live Sessions FB IG YT generic\" itemprop=\"image\" title=\"Sess\u00f5es ao Vivo FB IG YT geral\" onerror=\"this.style.display='none'\"  \/>\n\t\t\t\t<\/a>\n\t<h3>\n\t\t\t\t\tO que voc\u00ea vai encontrar no meu website?\n\t\t\t\t<\/h3>\n\t<h4>\n\t\t\t\t\tPostagens de Blog\n\t\t\t\t<\/h4>\n\t\t\t\n\t<h4>\n\t\t\t\t\tTrabalho e recrutamento\n\t\t\t\t<\/h4>\n\t\t\t\n\t<h4>\n\t\t\t\t\tWORKSHOP ONLINE GRATUITO\n\t\t\t\t<\/h4>\n\t\t\t\n\t\t\t\t<a href=\"https:\/\/t.me\/joinchat\/UsoUV2lSYgQ6ApHe\" target=\"_blank\" rel=\"noopener\" itemprop=\"url\">\n\t\t\t\t<img data-recalc-dims=\"1\" loading=\"lazy\" decoding=\"async\" src=\"https:\/\/i0.wp.com\/engineersinaustralia.com\/wp-content\/uploads\/2021\/03\/Telegram-150x150px.png?resize=150%2C150&#038;ssl=1\" alt=\"Telegram group &quot;Engineering Qualification Validation&quot;\" itemprop=\"image\" height=\"150\" width=\"150\" title=\"Telegrama 150x150px\" onerror=\"this.style.display='none'\"  \/>\n\t\t\t\t<\/a>\n\t\tGrupo de telegramas \u201cValida\u00e7\u00e3o de qualifica\u00e7\u00e3o de engenharia\u201d\n\t<h2>\n\t\t\t\t\tJunte-se ao nosso grupo Telegram \u201cValida\u00e7\u00e3o de Qualifica\u00e7\u00e3o de Engenharia\u201d, com mais de 800 membros !! N\u00e3o fique atr\u00e1s, junte-se agora!\n\t\t\t\t<\/h2>\n\t\t\t<a href=\"https:\/\/t.me\/joinchat\/UsoUV2lSYgQ6ApHe\" target=\"_blank\" role=\"button\" rel=\"noopener\">\n\t\t\t\t\t\tFa\u00e7a parte do Grupo do Telegram\n\t\t<\/a>\n\t<h2>\n\t\t\t\t\tTestemunhos de alguns dos alunos da Mentoria Online da F\u00f3rmula da Valida\u00e7\u00e3o\n\t\t\t\t<\/h2>\n    <!--presto-player:video_id=16--><figure>\n    \n            <video controls preload=\"none\">\n        <source src=\"https:\/\/vz-131d2bab-27c.b-cdn.net\/6e4b70c5-3cfe-4d30-b5eb-9f5f4c21533d\/playlist.m3u8\" \/>\n    <\/video>\n    \n<\/figure>        \n\t<h4>\n\t\t\t\t\tErica, Engenheira Civil em Sydney\n\t\t\t\t<\/h4>\n\t\t\t<p>Esta \u00e9 uma mensagem emocionante quando Erica, aluna do meu programa de mentoria online \u201cF\u00f3rmula de Valida\u00e7\u00e3o\u201d, obteve o resultado positivo da Engineers Australia em sua Valida\u00e7\u00e3o de Qualifica\u00e7\u00e3o de Engenharia como Engenheira Civil Profissional.<\/p>\n    <!--presto-player:video_id=1--><figure>\n    \n            <video controls preload=\"none\">\n        <source src=\"https:\/\/prestopublic40d2629.b-cdn.net\/Testimony-Leila-Gobus-web-optimised.m4v\" \/>\n    <\/video>\n    \n<\/figure>        \n\t<h4>\n\t\t\t\t\tLeila, Engenheira Civil em Hobart\n\t\t\t\t<\/h4>\n\t\t\t<p>Leila foi aluna do meu programa de mentoria online \u201cF\u00f3rmula de Valida\u00e7\u00e3o\u201d e nesta entrevista, ela fala sobre as dificuldades, desafios e a jornada de sucesso em dire\u00e7\u00e3o \u00e0 sua valida\u00e7\u00e3o de Engenheira Civil Profissional pela Engineers Australia.<\/p>\n    <!--presto-player:video_id=2--><figure>\n    \n            <video controls preload=\"none\">\n        <source src=\"https:\/\/prestopublic40d2629.b-cdn.net\/Testimony-Walter-Monteiro-Final-web-optimised.m4v\" \/>\n    <\/video>\n    \n<\/figure>        \n\t<h4>\n\t\t\t\t\tWalter, Engenheiro Ambiental em Gold Coast\n\t\t\t\t<\/h4>\n\t\t\t<p>Walter tamb\u00e9m foi aluno do meu programa de mentoria online \u201cF\u00f3rmula de Valida\u00e7\u00e3o\u201d e durante a entrevista ele fala sobre a rela\u00e7\u00e3o custo-benef\u00edcio, como preparou seus relat\u00f3rios em apenas 15 dias, algo pelo qual lutou por 3 anos.<\/p>\n<p>\u00a0<\/p>\n\t<h3>\n\t\t\t\t\tPare de procrastinar, d\u00ea o primeiro passo em dire\u00e7\u00e3o \u00e0 transforma\u00e7\u00e3o de sua vida na Austr\u00e1lia! Inscreva-se no pr\u00f3ximo Workshop GRATUITO \u201cValida\u00e7\u00e3o de Qualifica\u00e7\u00e3o de Engenharia\u201d.\n\t\t\t\t<\/h3>\n\t\t\t<p>Este Workshop GRATUITO \u00e9 promovido e organizado pelo Eng In Australia.<\/p>\n\t\t\t<a href=\"https:\/\/engineersinaustralia.com\/pt\/free-workshop\/\" target=\"_blank\" role=\"button\" rel=\"noopener\">\n\t\t\t\t\t\tCadastre-se de gra\u00e7a agora\n\t\t<\/a>","protected":false},"excerpt":{"rendered":"<p>Your pathway to become an engineer in australia Click Here to register in the next FREE Workshop &#8220;Engineering Qualification Validation&#8221; Watch the Live Session on any of the below Social Media &#8211; Eng In Australia YouTube channel &#8220;Gerson Ida&#8221; Instagram @gersonida Facebook page @EngineersInAustralia YouTube &#8211; Facebook &#8211; Instagram LIVE SESSIONS EVERY SUNDAY @8:30pm BRISBANE [&hellip;]<\/p>\n","protected":false},"author":1,"featured_media":0,"parent":0,"menu_order":0,"comment_status":"closed","ping_status":"closed","template":"","meta":{"nf_dc_page":"","om_disable_all_campaigns":false,"_monsterinsights_skip_tracking":false,"_monsterinsights_sitenote_active":false,"_monsterinsights_sitenote_note":"","_monsterinsights_sitenote_category":0,"site-sidebar-layout":"no-sidebar","site-content-layout":"page-builder","ast-site-content-layout":"default","site-content-style":"default","site-sidebar-style":"default","ast-global-header-display":"","ast-banner-title-visibility":"","ast-main-header-display":"","ast-hfb-above-header-display":"","ast-hfb-below-header-display":"","ast-hfb-mobile-header-display":"","site-post-title":"disabled","ast-breadcrumbs-content":"","ast-featured-img":"disabled","footer-sml-layout":"","ast-disable-related-posts":"","theme-transparent-header-meta":"enabled","adv-header-id-meta":"","stick-header-meta":"","header-above-stick-meta":"","header-main-stick-meta":"","header-below-stick-meta":"","astra-migrate-meta-layouts":"default","ast-page-background-enabled":"default","ast-page-background-meta":{"desktop":{"background-color":"","background-image":"","background-repeat":"repeat","background-position":"center center","background-size":"auto","background-attachment":"scroll","background-type":"","background-media":"","overlay-type":"","overlay-color":"","overlay-opacity":"","overlay-gradient":""},"tablet":{"background-color":"","background-image":"","background-repeat":"repeat","background-position":"center center","background-size":"auto","background-attachment":"scroll","background-type":"","background-media":"","overlay-type":"","overlay-color":"","overlay-opacity":"","overlay-gradient":""},"mobile":{"background-color":"","background-image":"","background-repeat":"repeat","background-position":"center center","background-size":"auto","background-attachment":"scroll","background-type":"","background-media":"","overlay-type":"","overlay-color":"","overlay-opacity":"","overlay-gradient":""}},"ast-content-background-meta":{"desktop":{"background-color":"var(--ast-global-color-5)","background-image":"","background-repeat":"repeat","background-position":"center center","background-size":"auto","background-attachment":"scroll","background-type":"","background-media":"","overlay-type":"","overlay-color":"","overlay-opacity":"","overlay-gradient":""},"tablet":{"background-color":"var(--ast-global-color-5)","background-image":"","background-repeat":"repeat","background-position":"center center","background-size":"auto","background-attachment":"scroll","background-type":"","background-media":"","overlay-type":"","overlay-color":"","overlay-opacity":"","overlay-gradient":""},"mobile":{"background-color":"var(--ast-global-color-5)","background-image":"","background-repeat":"repeat","background-position":"center center","background-size":"auto","background-attachment":"scroll","background-type":"","background-media":"","overlay-type":"","overlay-color":"","overlay-opacity":"","overlay-gradient":""}},"_wp_convertkit_post_meta":{"form":"-1","landing_page":"0","tag":"0"},"footnotes":""},"class_list":["post-35","page","type-page","status-publish","hentry"],"jetpack_sharing_enabled":true,"_links":{"self":[{"href":"https:\/\/engineersinaustralia.com\/pt\/wp-json\/wp\/v2\/pages\/35","targetHints":{"allow":["GET"]}}],"collection":[{"href":"https:\/\/engineersinaustralia.com\/pt\/wp-json\/wp\/v2\/pages"}],"about":[{"href":"https:\/\/engineersinaustralia.com\/pt\/wp-json\/wp\/v2\/types\/page"}],"author":[{"embeddable":true,"href":"https:\/\/engineersinaustralia.com\/pt\/wp-json\/wp\/v2\/users\/1"}],"replies":[{"embeddable":true,"href":"https:\/\/engineersinaustralia.com\/pt\/wp-json\/wp\/v2\/comments?post=35"}],"version-history":[{"count":34,"href":"https:\/\/engineersinaustralia.com\/pt\/wp-json\/wp\/v2\/pages\/35\/revisions"}],"predecessor-version":[{"id":962,"href":"https:\/\/engineersinaustralia.com\/pt\/wp-json\/wp\/v2\/pages\/35\/revisions\/962"}],"wp:attachment":[{"href":"https:\/\/engineersinaustralia.com\/pt\/wp-json\/wp\/v2\/media?parent=35"}],"curies":[{"name":"wp","href":"https:\/\/api.w.org\/{rel}","templated":true}]}}