{"id":7,"date":"2018-11-26T12:45:57","date_gmt":"2018-11-26T12:45:57","guid":{"rendered":"http:\/\/gator4119.temp.domains\/~gersonida\/index.php\/about\/"},"modified":"2021-05-22T21:34:47","modified_gmt":"2021-05-22T11:34:47","slug":"about","status":"publish","type":"page","link":"https:\/\/engineersinaustralia.com\/pt\/about\/","title":{"rendered":"EiA - Sobre"},"content":{"rendered":"<div id=\"fb-root\"><\/div>\n\n\n\t<h1>\n\t\t\t\t\tSobre n\u00f3s\n\t\t\t\t<\/h1>\n\t\t\t\n\t\t\t\t<img data-recalc-dims=\"1\" decoding=\"async\" src=\"https:\/\/i0.wp.com\/gator4119.temp.domains\/~gersonida\/wp-content\/uploads\/2021\/02\/Email-logo.png\" alt=\"Email logo\" itemprop=\"image\" title=\"Logotipo do email\" onerror=\"this.style.display='none'\"  \/>\n\t<h5>\n\t\t\t\t\tEngineers in Australia\n\t\t\t\t<\/h5>\n\t<h2>\n\t\t\t\t\tPor que criei este site?\n\t\t\t\t<\/h2>\n\t\t\t\t<img data-recalc-dims=\"1\" fetchpriority=\"high\" decoding=\"async\" src=\"https:\/\/i0.wp.com\/engineersinaustralia.com\/wp-content\/uploads\/2021\/02\/Wordpress-site-icon.png?resize=300%2C300&#038;ssl=1\" alt=\"Wordpress site icon\" itemprop=\"image\" height=\"300\" width=\"300\" title=\"\u00cdcone do site Wordpress\" onerror=\"this.style.display='none'\"  \/>\n\t<p>Criei este site ap\u00f3s perceber que muitos engenheiros que aspiram a migrar para a Austr\u00e1lia acabam enfrentando os mesmos problemas que enfrentei no in\u00edcio da minha jornada em 2005. Conhe\u00e7o v\u00e1rios engenheiros que se tornaram meus amigos aqui na Austr\u00e1lia e acabaram desistindo de seus sonhos por n\u00e3o poderem reconhecer aqui as suas qualifica\u00e7\u00f5es. Depois de participar de v\u00e1rias entrevistas profissionais, avaliando se engenheiros poderiam se tornar Chartered Professional Engineers, percebi que falta suporte profissional para quem deseja realizar seus sonhos. Nesse caso, eram profissionais experientes, que apresentavam grande dificuldade em abordar as evid\u00eancias e habilidades. Sem contar aqueles profissionais que muitas vezes n\u00e3o t\u00eam experi\u00eancia na Austr\u00e1lia. \u00c9 seu sonho e da  sua fam\u00edlia vir morar na Austr\u00e1lia, que fica mais distante, muitas vezes se torna imposs\u00edvel. Decidi ent\u00e3o criar este site para orientar engenheiros estrangeiros e oferecer conte\u00fado de valor para que a jornada profissional para a Austr\u00e1lia seja mais tranquila do que a minha.<\/p>\n<p>Eng In Australia<\/p>\n\t<h5>\n\t\t\t\t\tAlguns fatos interessantes\n\t\t\t\t<\/h5>\n\t<h2>\n\t\t\t\t\tOs n\u00fameros falam por si pr\u00f3prios\n\t\t\t\t<\/h2>\n\t\t\t\n\t<h2>\n\t\t\t\t\t150+\n\t\t\t\t<\/h2>\n\t\t\t<p>V\u00eddeos do YouTube<\/p>\n\t\t\t<a href=\"https:\/\/www.youtube.com\/c\/gersonida\/live\" target=\"_self\" role=\"button\" rel=\"noopener\">\n\t\t\t\t\t\tInscreva-se no meu canal do YouTube\n\t\t\t\t\t<\/a>\n\t<h3>\n\t\t\t\t\t26\n\t\t\t\t<\/h3>\n\t\t\t<p>Anos de Experi\u00eancia<\/p>\n\t<h3>\n\t\t\t\t\t2414\n\t\t\t\t<\/h3>\n\t\t\t<p>Inscritos no website<\/p>\n\t\t\t<a href=\"https:\/\/engineersinaustralia.com\/pt\/free-workshop\/\" target=\"_blank\" role=\"button\" rel=\"noopener\">\n\t\t\t\t\t\t\tInscreva-se no Workshop GRATUITO\n\t\t\t\t\t<\/a>\n\t<h3>\n\t\t\t\t\tQuem \u00e9 Gerson Ida?\n\t\t\t\t<\/h3>\n\t\t\t\t<img data-recalc-dims=\"1\" decoding=\"async\" src=\"https:\/\/i0.wp.com\/engineersinaustralia.com\/wp-content\/uploads\/2021\/02\/Gerson_photo-removebg.png?resize=546%2C457&#038;ssl=1\" alt=\"Gerson_photo-removebg\" itemprop=\"image\" height=\"457\" width=\"546\" title=\"Gerson_photo-removebg\" onerror=\"this.style.display='none'\"  \/>\n\t<h4>\n\t\t\t\t\tFundador do Engineers In Australia\n\t\t\t\t<\/h4>\n\t\t\t<p>Sou Engenheiro Civil, formado no Brasil pela Universidade Federal do Paran\u00e1 em 1994, com MBA em Log\u00edstica pela Funda\u00e7\u00e3o Get\u00falio Vargas e cursos de p\u00f3s-gradua\u00e7\u00e3o na Fran\u00e7a e no Jap\u00e3o.<\/p>\n<p>Aqui na Austr\u00e1lia, conclu\u00ed um Diploma em Neg\u00f3cios, um Diploma Avan\u00e7ado em Gerenciamento de Projetos e um Certificado IV em Treinamento e Avalia\u00e7\u00e3o, al\u00e9m de muitos outros cursos de curta dura\u00e7\u00e3o.<\/p>\n<p>Eu migrei para a Austr\u00e1lia em 2005 e validei minha qualifica\u00e7\u00e3o como Engenheiro Civil em 2006, o que abriu as portas para obtermos nossa resid\u00eancia permanente em 2008 e nossa cidadania australiana em 2009 e hoje tenho uma linda fam\u00edlia e n\u00e3o nos arrependemos do desafios que encontramos.<\/p>\n<p>Desde 2008 eu trabalho para o Departamento de Transporte e Estradas do Estado de Queensland.<\/p>\n<p>Tamb\u00e9m sou Chartered Professional Engineer (CPENg) e Registered Professional Engineer of Queensland (RPEQ) e tamb\u00e9m participei de entrevistas profissionais no Engineers Australia quando os candidatos se inscrevem para se tornarem CPEng &amp; RPEQ.<\/p>\n<p>Eng In Australia<\/p>\n\t<h3>\n\t\t\t\t\tVoc\u00ea quer come\u00e7ar sua valida\u00e7\u00e3o de qualifica\u00e7\u00e3o de engenharia na Austr\u00e1lia? Inscreva-se no pr\u00f3ximo Workshop online GRATUITO \u201cValida\u00e7\u00e3o de qualifica\u00e7\u00e3o de engenharia\u201d\n\t\t\t\t<\/h3>\n\t\t\t<p>Promovido e organizado por Eng In Australia<\/p>\n\t\t\t<a href=\"https:\/\/engineersinaustralia.com\/pt\/free-workshop\/\" target=\"_blank\" role=\"button\" rel=\"noopener\">\n\t\t\t\t\t\tRegistrar agora\n\t\t<\/a>","protected":false},"excerpt":{"rendered":"<p>About Us\u200b Engineers In Australia Why did I create this website? I created this site after realising that many engineers who aspire to migrate to Australia end up facing the same problems that I faced at the beginning of my journey in 2005. I know several engineers who became my friends here in Australia and [&hellip;]<\/p>\n","protected":false},"author":1,"featured_media":0,"parent":0,"menu_order":0,"comment_status":"closed","ping_status":"closed","template":"","meta":{"nf_dc_page":"","om_disable_all_campaigns":false,"_monsterinsights_skip_tracking":false,"_monsterinsights_sitenote_active":false,"_monsterinsights_sitenote_note":"","_monsterinsights_sitenote_category":0,"site-sidebar-layout":"no-sidebar","site-content-layout":"page-builder","ast-site-content-layout":"default","site-content-style":"default","site-sidebar-style":"default","ast-global-header-display":"","ast-banner-title-visibility":"","ast-main-header-display":"","ast-hfb-above-header-display":"","ast-hfb-below-header-display":"","ast-hfb-mobile-header-display":"","site-post-title":"disabled","ast-breadcrumbs-content":"","ast-featured-img":"disabled","footer-sml-layout":"","ast-disable-related-posts":"","theme-transparent-header-meta":"enabled","adv-header-id-meta":"","stick-header-meta":"","header-above-stick-meta":"","header-main-stick-meta":"","header-below-stick-meta":"","astra-migrate-meta-layouts":"default","ast-page-background-enabled":"default","ast-page-background-meta":{"desktop":{"background-color":"","background-image":"","background-repeat":"repeat","background-position":"center center","background-size":"auto","background-attachment":"scroll","background-type":"","background-media":"","overlay-type":"","overlay-color":"","overlay-opacity":"","overlay-gradient":""},"tablet":{"background-color":"","background-image":"","background-repeat":"repeat","background-position":"center center","background-size":"auto","background-attachment":"scroll","background-type":"","background-media":"","overlay-type":"","overlay-color":"","overlay-opacity":"","overlay-gradient":""},"mobile":{"background-color":"","background-image":"","background-repeat":"repeat","background-position":"center center","background-size":"auto","background-attachment":"scroll","background-type":"","background-media":"","overlay-type":"","overlay-color":"","overlay-opacity":"","overlay-gradient":""}},"ast-content-background-meta":{"desktop":{"background-color":"var(--ast-global-color-5)","background-image":"","background-repeat":"repeat","background-position":"center center","background-size":"auto","background-attachment":"scroll","background-type":"","background-media":"","overlay-type":"","overlay-color":"","overlay-opacity":"","overlay-gradient":""},"tablet":{"background-color":"var(--ast-global-color-5)","background-image":"","background-repeat":"repeat","background-position":"center center","background-size":"auto","background-attachment":"scroll","background-type":"","background-media":"","overlay-type":"","overlay-color":"","overlay-opacity":"","overlay-gradient":""},"mobile":{"background-color":"var(--ast-global-color-5)","background-image":"","background-repeat":"repeat","background-position":"center center","background-size":"auto","background-attachment":"scroll","background-type":"","background-media":"","overlay-type":"","overlay-color":"","overlay-opacity":"","overlay-gradient":""}},"_wp_convertkit_post_meta":{"form":"-1","landing_page":"0","tag":"0"},"footnotes":""},"class_list":["post-7","page","type-page","status-publish","hentry"],"jetpack_sharing_enabled":true,"_links":{"self":[{"href":"https:\/\/engineersinaustralia.com\/pt\/wp-json\/wp\/v2\/pages\/7","targetHints":{"allow":["GET"]}}],"collection":[{"href":"https:\/\/engineersinaustralia.com\/pt\/wp-json\/wp\/v2\/pages"}],"about":[{"href":"https:\/\/engineersinaustralia.com\/pt\/wp-json\/wp\/v2\/types\/page"}],"author":[{"embeddable":true,"href":"https:\/\/engineersinaustralia.com\/pt\/wp-json\/wp\/v2\/users\/1"}],"replies":[{"embeddable":true,"href":"https:\/\/engineersinaustralia.com\/pt\/wp-json\/wp\/v2\/comments?post=7"}],"version-history":[{"count":12,"href":"https:\/\/engineersinaustralia.com\/pt\/wp-json\/wp\/v2\/pages\/7\/revisions"}],"predecessor-version":[{"id":901,"href":"https:\/\/engineersinaustralia.com\/pt\/wp-json\/wp\/v2\/pages\/7\/revisions\/901"}],"wp:attachment":[{"href":"https:\/\/engineersinaustralia.com\/pt\/wp-json\/wp\/v2\/media?parent=7"}],"curies":[{"name":"wp","href":"https:\/\/api.w.org\/{rel}","templated":true}]}}